{"id":1722,"date":"2021-06-15T14:29:20","date_gmt":"2021-06-15T14:29:20","guid":{"rendered":"http:\/\/34.69.47.19:81\/cardeto\/?page_id=1722"},"modified":"2022-02-15T18:28:50","modified_gmt":"2022-02-15T18:28:50","slug":"tradizioni-popolari-e-folklore","status":"publish","type":"page","link":"http:\/\/2.114.201.122\/comunecardeto.it\/tradizioni-popolari-e-folklore\/","title":{"rendered":"Tradizioni Popolari e Folklore"},"content":{"rendered":"\t\t<div data-elementor-type=\"wp-page\" data-elementor-id=\"1722\" class=\"elementor elementor-1722\">\n\t\t\t\t\t\t\t\t\t<section class=\"elementor-section elementor-top-section elementor-element elementor-element-9a314dd elementor-section-stretched elementor-section-full_width elementor-section-height-default elementor-section-height-default\" data-id=\"9a314dd\" data-element_type=\"section\" data-settings=\"{&quot;stretch_section&quot;:&quot;section-stretched&quot;}\">\n\t\t\t\t\t\t<div class=\"elementor-container elementor-column-gap-no\">\n\t\t\t\t\t<div class=\"elementor-column elementor-col-100 elementor-top-column elementor-element elementor-element-57378a0\" data-id=\"57378a0\" data-element_type=\"column\">\n\t\t\t<div class=\"elementor-widget-wrap elementor-element-populated\">\n\t\t\t\t\t\t\t\t<div class=\"elementor-element elementor-element-b8d16c8 elementor-widget elementor-widget-welcome_two\" data-id=\"b8d16c8\" data-element_type=\"widget\" data-widget_type=\"welcome_two.default\">\n\t\t\t\t<div class=\"elementor-widget-container\">\n\t\t\t<section class=\"welcome-section-two alternate\">\n\n\t<div class=\"lower-row\">\n\t\t<div class=\"auto-container\">\n\t\t\t<div class=\"row clearfix\">\n\t\t\t\t<div class=\"text-col col-xl-5 col-lg-6 col-md-12 col-sm-12\">\n\t\t\t\t\t<div class=\"inner\">\n\t\t\t\t\t\t<div class=\"sec-title with-separator\">\n\t\t\t\t\t\t\t<h2>Il gruppo \"Asprumunti\" di Cardeto<\/h2>\n\t\t\t\t\t\t\t<div class=\"separator\"><span class=\"cir c-1\"><\/span><span class=\"cir c-2\"><\/span><span\n\t\t\t\t\t\t\t\t\tclass=\"cir c-3\"><\/span><\/div>\n\t\t\t\t\t\t<\/div>\n\t\t\t\t\t\t<div class=\"text\">All'interno del paese opera un famoso gruppo folkloristico che si occupa di mantenere viva e far conoscere all'estero la tradizione musicale \"cardola\".\n\nIl gruppo \"Asprumunti\" di Cardeto, infatti, \u00e8 uno dei pi\u00f9 antichi e prestigiosi gruppi folkloristici della Calabria. Gi\u00e0 nel 1928, l'attuale presidente onorario, Domenico Fedele, ball\u00f2 alla presenza del Principe Umberto di Savoia, il quale rimase affascinato e trasportato dalla danza del piccolo ballerino.\n\nIl gruppo vanta anche comparse in prestigiosi film degli anni cinquanta, come \"Patto con il diavolo\", \"Il brigante di Tocca Lupo\" e \"Carne inquieta\". Negli anni pi\u00f9 recenti \u00e8 stato orgoglioso di vincere per due anni consecutivi (1999-2000) il \"Festival Internazionale del Folklore\" a Mattinata.\n\nMa la particolarit\u00e0 e la straordinariet\u00e0 del gruppo \"Asprumunti\" si evidenzia soprattutto nel ballo: la \"Ballata Cardoleda\" testimonia oggi antiche memorie della civilt\u00e0 magnogreca, ancora presente nell'area grecanica dell'entroterra apromontano. A \"Cardoleda\" ha dunque origini che vanno ricercate nelle arcaiche radici della danza greca.\n\nAncora oggi vedendo ballare i componenti del gruppo \u00e8 possibile notare come i danzatori si lascino trascinare, abbandonandosi spontaneamente al ritmo: la danza assume quindi un significato liberatorio-comunicativo, in cui emergono infiniti rituali simbolici, reminiscenze della potente civilt\u00e0 colonizzatrice. Oggi il gruppo \u00e8 formato soprattutto da giovani cardetesi ai quali \u00e8 stato tramandato l'amore e la devozione per il folklore e la tradizione.<\/div>\n\t\t\t\t\t\t<div class=\"info\">\n\t\t\t\t\t\t\t<strong><\/strong>\n\t\t\t\t\t\t\t<span class=\"designation\">, <\/span>\n\t\t\t\t\t\t<\/div>\n\t\t\t\t\t\t<div class=\"video-link\">\n\t\t\t\t\t\t\t<a class=\"link lightbox-image\" \t\t\t\t\t\t\t\t>\n\t\t\t\t\t\t\t\t\t\t\t\t\t\t\t\t<span class=\"txt\"><\/span><\/a>\n\t\t\t\t\t\t<\/div>\n\t\t\t\t\t<\/div>\n\t\t\t\t<\/div>\n\n\t\t\t\t<div class=\"image-col col-xl-7 col-lg-6 col-md-12 col-sm-12\">\n\t\t\t\t\t<div class=\"images\">\n\t\t\t\t\t\t<div class=\"row clearfix\">\n\t\t\t\t\t\t\t\n\n\t\t\t\t\t\t\t<div class=\"image col-md-6 col-sm-12\">\n\t\t\t\t\t\t\t\t<a class=\"lightbox-image\" data-fancybox=\"about-gallery\"\n\t\t\t\t\t\t\t\t\thref=\"http:\/\/2.114.201.122\/comunecardeto.it\/wp-content\/uploads\/2021\/06\/Schermata-2021-06-15-alle-16.33.13.png\">\n\t\t\t\t\t\t\t\t\t\t\t\t\t <img decoding=\"async\" src=\"http:\/\/2.114.201.122\/comunecardeto.it\/wp-content\/uploads\/2021\/06\/Schermata-2021-06-15-alle-16.33.13.png\" title=\"Schermata 2021-06-15 alle 16.33.13\" alt=\"Schermata 2021-06-15 alle 16.33.13\" loading=\"lazy\" \/>\t\t\t\t\t\t\t\t\t<\/a>\n\n\t\t\t\t\t\t\t<\/div>\n\t\t\t\t\t\t\t\n\t\t\t\t\t\t<\/div>\n\t\t\t\t\t<\/div>\n\t\t\t\t<\/div>\n\t\t\t<\/div>\n\t\t<\/div>\n\t<\/div>\n\n<\/section>\n\n\n\t\t\t\t<\/div>\n\t\t\t\t<\/div>\n\t\t\t\t\t<\/div>\n\t\t<\/div>\n\t\t\t\t\t\t\t<\/div>\n\t\t<\/section>\n\t\t\t\t\t\t\t<\/div>\n\t\t","protected":false},"excerpt":{"rendered":"<p>Il gruppo &#8220;Asprumunti&#8221; di Cardeto All&#8217;interno del paese opera un famoso gruppo folkloristico che si occupa di mantenere viva e far conoscere all&#8217;estero la tradizione musicale &#8220;cardola&#8221;. Il gruppo &#8220;Asprumunti&#8221; [&hellip;]<\/p>\n","protected":false},"author":1,"featured_media":1725,"parent":0,"menu_order":0,"comment_status":"closed","ping_status":"closed","template":"","meta":{"pgc_meta":"","footnotes":""},"pgc_meta":"","_links":{"self":[{"href":"http:\/\/2.114.201.122\/comunecardeto.it\/wp-json\/wp\/v2\/pages\/1722"}],"collection":[{"href":"http:\/\/2.114.201.122\/comunecardeto.it\/wp-json\/wp\/v2\/pages"}],"about":[{"href":"http:\/\/2.114.201.122\/comunecardeto.it\/wp-json\/wp\/v2\/types\/page"}],"author":[{"embeddable":true,"href":"http:\/\/2.114.201.122\/comunecardeto.it\/wp-json\/wp\/v2\/users\/1"}],"replies":[{"embeddable":true,"href":"http:\/\/2.114.201.122\/comunecardeto.it\/wp-json\/wp\/v2\/comments?post=1722"}],"version-history":[{"count":11,"href":"http:\/\/2.114.201.122\/comunecardeto.it\/wp-json\/wp\/v2\/pages\/1722\/revisions"}],"predecessor-version":[{"id":2700,"href":"http:\/\/2.114.201.122\/comunecardeto.it\/wp-json\/wp\/v2\/pages\/1722\/revisions\/2700"}],"wp:featuredmedia":[{"embeddable":true,"href":"http:\/\/2.114.201.122\/comunecardeto.it\/wp-json\/wp\/v2\/media\/1725"}],"wp:attachment":[{"href":"http:\/\/2.114.201.122\/comunecardeto.it\/wp-json\/wp\/v2\/media?parent=1722"}],"curies":[{"name":"wp","href":"https:\/\/api.w.org\/{rel}","templated":true}]}}